{"id":1929,"date":"2023-10-13T11:39:12","date_gmt":"2023-10-13T09:39:12","guid":{"rendered":"https:\/\/hetwa.org\/?page_id=1929"},"modified":"2024-10-15T00:22:47","modified_gmt":"2024-10-14T22:22:47","slug":"valeur1","status":"publish","type":"page","link":"https:\/\/hetwa.org\/en\/valeur1\/","title":{"rendered":"Valeur1"},"content":{"rendered":"<p>[et_pb_section fb_built=\u00a0\u00bb1&Prime; prev_background_color=\u00a0\u00bbrgba(58,159,193,0.04)\u00a0\u00bb admin_label=\u00a0\u00bbAbout\u00a0\u00bb _builder_version=\u00a0\u00bb4.18.0&Prime; _module_preset=\u00a0\u00bbdefault\u00a0\u00bb custom_margin=\u00a0\u00bb-54px||||false|false\u00a0\u00bb top_divider_style=\u00a0\u00bbnone\u00a0\u00bb collapsed=\u00a0\u00bbon\u00a0\u00bb global_colors_info=\u00a0\u00bb{}\u00a0\u00bb][et_pb_row _builder_version=\u00a0\u00bb4.18.0&Prime; _module_preset=\u00a0\u00bbdefault\u00a0\u00bb global_colors_info=\u00a0\u00bb{}\u00a0\u00bb][et_pb_column type=\u00a0\u00bb4_4&Prime; _builder_version=\u00a0\u00bb4.18.0&Prime; _module_preset=\u00a0\u00bbdefault\u00a0\u00bb global_colors_info=\u00a0\u00bb{}\u00a0\u00bb][et_pb_text _builder_version=\u00a0\u00bb4.18.0&Prime; _module_preset=\u00a0\u00bbb327cbe4-b1d5-4b66-ad37-40c8f2f061ba\u00a0\u00bb text_font=\u00a0\u00bb||||||||\u00a0\u00bb text_font_size=\u00a0\u00bb33px\u00a0\u00bb header_2_font=\u00a0\u00bbInter|700|||||||\u00a0\u00bb header_2_text_color=\u00a0\u00bb#000000&Prime; header_2_font_size=\u00a0\u00bb48px\u00a0\u00bb header_2_line_height=\u00a0\u00bb1.2em\u00a0\u00bb width=\u00a0\u00bb100%\u00a0\u00bb custom_margin=\u00a0\u00bb||10px||false|false\u00a0\u00bb header_2_font_size_tablet=\u00a0\u00bb32px\u00a0\u00bb header_2_font_size_phone=\u00a0\u00bb20px\u00a0\u00bb header_2_font_size_last_edited=\u00a0\u00bbon|desktop\u00a0\u00bb inline_fonts=\u00a0\u00bbNeutraText Demi\u00a0\u00bb global_colors_info=\u00a0\u00bb{}\u00a0\u00bb]<\/p>\n<h2 style=\"text-align: center;\"><span style=\"font-family: 'NeutraText Demi'; font-weight: normal;\">Concise work and freedom in our results<\/span><\/h2>\n<p>[\/et_pb_text][\/et_pb_column][\/et_pb_row][et_pb_row column_structure=\u00a0\u00bb1_2,1_2&Prime; make_equal=\u00a0\u00bbon\u00a0\u00bb _builder_version=\u00a0\u00bb4.18.0&Prime; _module_preset=\u00a0\u00bbdefault\u00a0\u00bb width=\u00a0\u00bb92%\u00a0\u00bb max_width=\u00a0\u00bb1300px\u00a0\u00bb global_colors_info=\u00a0\u00bb{}\u00a0\u00bb][et_pb_column type=\u00a0\u00bb1_2&Prime; _builder_version=\u00a0\u00bb4.17.4&Prime; _module_preset=\u00a0\u00bbdefault\u00a0\u00bb hover_enabled=\u00a0\u00bb0&Prime; global_colors_info=\u00a0\u00bb{}\u00a0\u00bb sticky_enabled=\u00a0\u00bb0&Prime;][et_pb_image src=\u00a0\u00bbhttps:\/\/hetwa.org\/wp-content\/uploads\/2023\/10\/cover-r4x3w1000-61ae3fee25d5d-46formule-mathematique-pour-le-job-ideal.jpg\u00a0\u00bb title_text=\u00a0\u00bbcover-r4x3w1000-61ae3fee25d5d-46formule-mathematique-pour-le-job-ideal\u00a0\u00bb _builder_version=\u00a0\u00bb4.27.2&Prime; _module_preset=\u00a0\u00bbdefault\u00a0\u00bb background_image=\u00a0\u00bbhttps:\/\/hetwa.org\/wp-content\/uploads\/2023\/10\/device-repair-23.jpg\u00a0\u00bb positioning=\u00a0\u00bbabsolute\u00a0\u00bb vertical_offset=\u00a0\u00bb25px\u00a0\u00bb horizontal_offset=\u00a0\u00bb-9px\u00a0\u00bb z_index=\u00a0\u00bb2&Prime; position_origin_a_tablet=\u00a0\u00bbcenter_left\u00a0\u00bb position_origin_a_phone=\u00a0\u00bbcenter_left\u00a0\u00bb position_origin_a_last_edited=\u00a0\u00bbon|phone\u00a0\u00bb position_origin_f_tablet=\u00a0\u00bb\u00a0\u00bb position_origin_f_phone=\u00a0\u00bb\u00a0\u00bb position_origin_f_last_edited=\u00a0\u00bbon|phone\u00a0\u00bb position_origin_r_tablet=\u00a0\u00bb\u00a0\u00bb position_origin_r_phone=\u00a0\u00bb\u00a0\u00bb position_origin_r_last_edited=\u00a0\u00bbon|phone\u00a0\u00bb width=\u00a0\u00bb50%\u00a0\u00bb min_height=\u00a0\u00bb280px\u00a0\u00bb custom_margin=\u00a0\u00bb18%||||false|false\u00a0\u00bb hover_enabled=\u00a0\u00bb0&Prime; positioning_tablet=\u00a0\u00bbabsolute\u00a0\u00bb positioning_phone=\u00a0\u00bbrelative\u00a0\u00bb positioning_last_edited=\u00a0\u00bbon|phone\u00a0\u00bb custom_css_main_element=\u00a0\u00bb-webkit-clip-path: polygon(25% 0%, 100% 0%, 75% 100%, 0% 100%);||clip-path: polygon(25% 0%, 100% 0%, 75% 100%, 0% 100%);\u00a0\u00bb locked=\u00a0\u00bboff\u00a0\u00bb global_colors_info=\u00a0\u00bb{}\u00a0\u00bb height_last_edited=\u00a0\u00bbon|tablet\u00a0\u00bb height_tablet=\u00a0\u00bb175px\u00a0\u00bb custom_margin_last_edited=\u00a0\u00bbon|tablet\u00a0\u00bb custom_margin_tablet=\u00a0\u00bb88%||||false|false\u00a0\u00bb sticky_enabled=\u00a0\u00bb0&Prime; height_phone=\u00a0\u00bb175px\u00a0\u00bb custom_margin_phone=\u00a0\u00bb88%||||false|false\u00a0\u00bb][\/et_pb_image][\/et_pb_column][et_pb_column type=\u00a0\u00bb1_2&Prime; _builder_version=\u00a0\u00bb4.17.4&Prime; _module_preset=\u00a0\u00bbdefault\u00a0\u00bb global_colors_info=\u00a0\u00bb{}\u00a0\u00bb][et_pb_text _builder_version=\u00a0\u00bb4.18.0&Prime; _module_preset=\u00a0\u00bbe6504a1b-67eb-4b3d-b023-bcab277610b6&Prime; header_4_font=\u00a0\u00bbInter|700||on|||||\u00a0\u00bb header_4_text_color=\u00a0\u00bb#F26440&Prime; header_4_font_size=\u00a0\u00bb14px\u00a0\u00bb header_4_letter_spacing=\u00a0\u00bb1px\u00a0\u00bb header_4_line_height=\u00a0\u00bb1.4em\u00a0\u00bb custom_margin=\u00a0\u00bb||0px||false|false\u00a0\u00bb locked=\u00a0\u00bboff\u00a0\u00bb global_colors_info=\u00a0\u00bb{}\u00a0\u00bb]<\/p>\n<h4>Welcome to HETWA: Lighting up the Future of Water<\/h4>\n<p>[\/et_pb_text][et_pb_text _builder_version=\u00a0\u00bb4.27.2&Prime; _module_preset=\u00a0\u00bbdefault\u00a0\u00bb hover_enabled=\u00a0\u00bb0&Prime; global_colors_info=\u00a0\u00bb{}\u00a0\u00bb text_font_size=\u00a0\u00bb15px\u00a0\u00bb sticky_enabled=\u00a0\u00bb0&Prime;]<\/p>\n<p style=\"text-align: justify;\">At HETWA, we're committed to revolutionizing the way we assess and manage water resources and water quality in our precious territory. Our startup is founded on an essential philosophy: work concisely and freely. This approach is the central pillar of everything we do, because we firmly believe that the future of water requires unrivalled precision and an open, transparent approach.<\/p>\n<p>[\/et_pb_text][et_pb_text _builder_version=\u00a0\u00bb4.18.0&Prime; _module_preset=\u00a0\u00bbe6504a1b-67eb-4b3d-b023-bcab277610b6&Prime; header_4_font=\u00a0\u00bbInter|700||on|||||\u00a0\u00bb header_4_text_color=\u00a0\u00bb#F26440&Prime; header_4_font_size=\u00a0\u00bb14px\u00a0\u00bb header_4_letter_spacing=\u00a0\u00bb1px\u00a0\u00bb header_4_line_height=\u00a0\u00bb1.4em\u00a0\u00bb custom_margin=\u00a0\u00bb||0px||false|false\u00a0\u00bb locked=\u00a0\u00bboff\u00a0\u00bb global_colors_info=\u00a0\u00bb{}\u00a0\u00bb]<\/p>\n<h4>Concise work :<\/h4>\n<p>[\/et_pb_text][et_pb_image src=\u00a0\u00bbhttps:\/\/hetwa.org\/wp-content\/uploads\/2023\/10\/istockphoto-1212568100-170667a.jpg\u00a0\u00bb title_text=\u00a0\u00bbistockphoto-1212568100-170667a\u00a0\u00bb _builder_version=\u00a0\u00bb4.18.0&Prime; _module_preset=\u00a0\u00bbdefault\u00a0\u00bb background_image=\u00a0\u00bbhttps:\/\/hetwa.org\/wp-content\/uploads\/2023\/10\/device-repair-23.jpg\u00a0\u00bb positioning=\u00a0\u00bbabsolute\u00a0\u00bb vertical_offset=\u00a0\u00bb566px\u00a0\u00bb horizontal_offset=\u00a0\u00bb269px\u00a0\u00bb z_index=\u00a0\u00bb2&Prime; position_origin_a_tablet=\u00a0\u00bbcenter_left\u00a0\u00bb position_origin_a_phone=\u00a0\u00bbcenter_left\u00a0\u00bb position_origin_a_last_edited=\u00a0\u00bbon|phone\u00a0\u00bb position_origin_f_tablet=\u00a0\u00bb\u00a0\u00bb position_origin_f_phone=\u00a0\u00bb\u00a0\u00bb position_origin_f_last_edited=\u00a0\u00bbon|phone\u00a0\u00bb position_origin_r_tablet=\u00a0\u00bb\u00a0\u00bb position_origin_r_phone=\u00a0\u00bb\u00a0\u00bb position_origin_r_last_edited=\u00a0\u00bbon|phone\u00a0\u00bb width=\u00a0\u00bb50%\u00a0\u00bb min_height=\u00a0\u00bb280px\u00a0\u00bb custom_margin=\u00a0\u00bb18%||||false|false\u00a0\u00bb positioning_tablet=\u00a0\u00bbabsolute\u00a0\u00bb positioning_phone=\u00a0\u00bbrelative\u00a0\u00bb positioning_last_edited=\u00a0\u00bbon|phone\u00a0\u00bb custom_css_main_element=\u00a0\u00bb-webkit-clip-path: polygon(25% 0%, 100% 0%, 75% 100%, 0% 100%);||clip-path: polygon(25% 0%, 100% 0%, 75% 100%, 0% 100%);\u00a0\u00bb locked=\u00a0\u00bboff\u00a0\u00bb global_colors_info=\u00a0\u00bb{}\u00a0\u00bb][\/et_pb_image][et_pb_text _builder_version=\u00a0\u00bb4.27.2&Prime; _module_preset=\u00a0\u00bbdefault\u00a0\u00bb hover_enabled=\u00a0\u00bb0&Prime; locked=\u00a0\u00bboff\u00a0\u00bb global_colors_info=\u00a0\u00bb{}\u00a0\u00bb text_font_size=\u00a0\u00bb15px\u00a0\u00bb sticky_enabled=\u00a0\u00bb0&Prime;]<\/p>\n<p style=\"text-align: justify;\">Water is a complex and crucial resource that deserves accurate assessment. Our team of experts, with a wide range of skills in hydrology, modeling and environmental sciences, is committed to providing customized answers to local stakeholders. Our systemic approach to the territory enables us to target water-related issues with great precision. We work relentlessly to shed light on fundamental issues relating to water quantity and quality.<\/p>\n<p>[\/et_pb_text][et_pb_text _builder_version=\u00a0\u00bb4.18.0&Prime; _module_preset=\u00a0\u00bbe6504a1b-67eb-4b3d-b023-bcab277610b6&Prime; header_4_font=\u00a0\u00bbInter|700||on|||||\u00a0\u00bb header_4_text_color=\u00a0\u00bb#F26440&Prime; header_4_font_size=\u00a0\u00bb14px\u00a0\u00bb header_4_letter_spacing=\u00a0\u00bb1px\u00a0\u00bb header_4_line_height=\u00a0\u00bb1.4em\u00a0\u00bb custom_margin=\u00a0\u00bb||0px||false|false\u00a0\u00bb locked=\u00a0\u00bboff\u00a0\u00bb global_colors_info=\u00a0\u00bb{}\u00a0\u00bb]<\/p>\n<h4>Free work:<\/h4>\n<p>[\/et_pb_text][et_pb_text _builder_version=\u00a0\u00bb4.27.2&Prime; _module_preset=\u00a0\u00bbdefault\u00a0\u00bb hover_enabled=\u00a0\u00bb0&Prime; locked=\u00a0\u00bboff\u00a0\u00bb global_colors_info=\u00a0\u00bb{}\u00a0\u00bb text_font_size=\u00a0\u00bb15px\u00a0\u00bb sticky_enabled=\u00a0\u00bb0&Prime;]<\/p>\n<p style=\"text-align: justify;\">We believe in the importance of the free flow of information. Our startup strives to share the results of our assessments with total transparency in our methodology. This enables greater collaboration and better decision-making for land management. At HETWA, we believe in freedom, independence and responsibility. A fundamental characteristic of our startup is that 100% of the company's shares are held by the partners, individuals who are deeply involved in our adventure. This shared ownership means that each associate is also a key player in the company, creating a truly \"free\" working dynamic. We have the power to decide collectively on our direction, our projects, and our objectives. This independence reinforces our commitment to transparency, autonomy and creativity. It is this independence and freedom that enables us to push back the boundaries of innovation and create a lasting impact in the field of water management.<\/p>\n<p>[\/et_pb_text][et_pb_text _builder_version=\u00a0\u00bb4.18.0&Prime; _module_preset=\u00a0\u00bbe6504a1b-67eb-4b3d-b023-bcab277610b6&Prime; header_4_font=\u00a0\u00bbInter|700||on|||||\u00a0\u00bb header_4_text_color=\u00a0\u00bb#F26440&Prime; header_4_font_size=\u00a0\u00bb14px\u00a0\u00bb header_4_letter_spacing=\u00a0\u00bb1px\u00a0\u00bb header_4_line_height=\u00a0\u00bb1.4em\u00a0\u00bb custom_margin=\u00a0\u00bb||0px||false|false\u00a0\u00bb locked=\u00a0\u00bboff\u00a0\u00bb global_colors_info=\u00a0\u00bb{}\u00a0\u00bb]<\/p>\n<h4>Our goal:<\/h4>\n<p>[\/et_pb_text][et_pb_text _builder_version=\u00a0\u00bb4.27.2&Prime; _module_preset=\u00a0\u00bbdefault\u00a0\u00bb hover_enabled=\u00a0\u00bb0&Prime; locked=\u00a0\u00bboff\u00a0\u00bb global_colors_info=\u00a0\u00bb{}\u00a0\u00bb text_font_size=\u00a0\u00bb15px\u00a0\u00bb sticky_enabled=\u00a0\u00bb0&Prime;]<\/p>\n<p style=\"text-align: justify;\">HETWA aims to develop an environmental management platform for monitoring water quantity and quality at management scales. The aim is to understand the impact of action programs on soil and water quality on a plot or territory. Whether at plot, water body, sub-basin, hydrological watershed or Sch\u00e9mas Directeurs d'Am\u00e9nagement et de Gestion des Eaux (SDAGE) level, we provide state-of-the-art modeling tools. These tools, based on the adaptation of environmental models, will help you understand the current state of your water resources, plan sustainable development and management measures, and anticipate future needs in the face of climate risks.<\/p>\n<p>[\/et_pb_text][et_pb_text _builder_version=\u00a0\u00bb4.18.0&Prime; _module_preset=\u00a0\u00bbe6504a1b-67eb-4b3d-b023-bcab277610b6&Prime; header_4_font=\u00a0\u00bbInter|700||on|||||\u00a0\u00bb header_4_text_color=\u00a0\u00bb#F26440&Prime; header_4_font_size=\u00a0\u00bb14px\u00a0\u00bb header_4_letter_spacing=\u00a0\u00bb1px\u00a0\u00bb header_4_line_height=\u00a0\u00bb1.4em\u00a0\u00bb custom_margin=\u00a0\u00bb||0px||false|false\u00a0\u00bb locked=\u00a0\u00bboff\u00a0\u00bb global_colors_info=\u00a0\u00bb{}\u00a0\u00bb]<\/p>\n<h4>Commitment to Precision:<\/h4>\n<p>[\/et_pb_text][et_pb_text _builder_version=\u00a0\u00bb4.27.2&Prime; _module_preset=\u00a0\u00bbdefault\u00a0\u00bb hover_enabled=\u00a0\u00bb0&Prime; locked=\u00a0\u00bboff\u00a0\u00bb global_colors_info=\u00a0\u00bb{}\u00a0\u00bb text_font_size=\u00a0\u00bb15px\u00a0\u00bb sticky_enabled=\u00a0\u00bb0&Prime;]<\/p>\n<p style=\"text-align: justify;\">At HETWA, we are committed to precise, rigorous work. Every piece of data we collect, every model we develop, undergoes strict quality control. We accurately assess the uncertainty associated with our results, to provide you with a clear and reliable picture of the water resources in your area. Join us in our quest for sustainable water management, informed decision-making and protection of our most precious resource. Together, we can build a future where water is abundant, clean and accessible to all. At HETWA, we're ready to meet the water challenges of today and tomorrow.<\/p>\n<p>[\/et_pb_text][\/et_pb_column][\/et_pb_row][\/et_pb_section]<\/p>","protected":false},"excerpt":{"rendered":"<p>Travail concis et libert\u00e9s dans nos r\u00e9sultatsBienvenue chez HETWA : \u00c9clairons l&rsquo;Avenir de l&rsquo;EauChez HETWA, nous nous engageons \u00e0 r\u00e9volutionner la mani\u00e8re dont nous \u00e9valuons et g\u00e9rons la ressource en eau et sa qualit\u00e9 sur notre pr\u00e9cieux territoire. Notre startup s&rsquo;appuie sur une philosophie essentielle : le travail concis et libre. Cette approche est le [&hellip;]<\/p>","protected":false},"author":6,"featured_media":0,"parent":0,"menu_order":0,"comment_status":"closed","ping_status":"closed","template":"","meta":{"_et_pb_use_builder":"on","_et_pb_old_content":"","_et_gb_content_width":"","footnotes":""},"class_list":["post-1929","page","type-page","status-publish","hentry"],"yoast_head":"<!-- This site is optimized with the Yoast SEO plugin v26.7 - https:\/\/yoast.com\/wordpress\/plugins\/seo\/ -->\n<title>Valeur1 - HETWA<\/title>\n<meta name=\"robots\" content=\"index, follow, max-snippet:-1, max-image-preview:large, max-video-preview:-1\" \/>\n<link rel=\"canonical\" href=\"https:\/\/hetwa.org\/en\/valeur1\/\" \/>\n<meta property=\"og:locale\" content=\"en_US\" \/>\n<meta property=\"og:type\" content=\"article\" \/>\n<meta property=\"og:title\" content=\"Valeur1 - HETWA\" \/>\n<meta property=\"og:description\" content=\"Travail concis et libert\u00e9s dans nos r\u00e9sultatsBienvenue chez HETWA : \u00c9clairons l&#039;Avenir de l&#039;EauChez HETWA, nous nous engageons \u00e0 r\u00e9volutionner la mani\u00e8re dont nous \u00e9valuons et g\u00e9rons la ressource en eau et sa qualit\u00e9 sur notre pr\u00e9cieux territoire. Notre startup s&#039;appuie sur une philosophie essentielle : le travail concis et libre. Cette approche est le [&hellip;]\" \/>\n<meta property=\"og:url\" content=\"https:\/\/hetwa.org\/en\/valeur1\/\" \/>\n<meta property=\"og:site_name\" content=\"HETWA\" \/>\n<meta property=\"article:modified_time\" content=\"2024-10-14T22:22:47+00:00\" \/>\n<meta name=\"twitter:card\" content=\"summary_large_image\" \/>\n<meta name=\"twitter:label1\" content=\"Est. reading time\" \/>\n\t<meta name=\"twitter:data1\" content=\"4 minutes\" \/>\n<script type=\"application\/ld+json\" class=\"yoast-schema-graph\">{\"@context\":\"https:\/\/schema.org\",\"@graph\":[{\"@type\":\"WebPage\",\"@id\":\"https:\/\/hetwa.org\/valeur1\/\",\"url\":\"https:\/\/hetwa.org\/valeur1\/\",\"name\":\"Valeur1 - HETWA\",\"isPartOf\":{\"@id\":\"https:\/\/hetwa.org\/#website\"},\"datePublished\":\"2023-10-13T09:39:12+00:00\",\"dateModified\":\"2024-10-14T22:22:47+00:00\",\"breadcrumb\":{\"@id\":\"https:\/\/hetwa.org\/valeur1\/#breadcrumb\"},\"inLanguage\":\"en-US\",\"potentialAction\":[{\"@type\":\"ReadAction\",\"target\":[\"https:\/\/hetwa.org\/valeur1\/\"]}]},{\"@type\":\"BreadcrumbList\",\"@id\":\"https:\/\/hetwa.org\/valeur1\/#breadcrumb\",\"itemListElement\":[{\"@type\":\"ListItem\",\"position\":1,\"name\":\"Accueil\",\"item\":\"https:\/\/hetwa.org\/\"},{\"@type\":\"ListItem\",\"position\":2,\"name\":\"Valeur1\"}]},{\"@type\":\"WebSite\",\"@id\":\"https:\/\/hetwa.org\/#website\",\"url\":\"https:\/\/hetwa.org\/\",\"name\":\"HETWA\",\"description\":\"\",\"publisher\":{\"@id\":\"https:\/\/hetwa.org\/#organization\"},\"potentialAction\":[{\"@type\":\"SearchAction\",\"target\":{\"@type\":\"EntryPoint\",\"urlTemplate\":\"https:\/\/hetwa.org\/?s={search_term_string}\"},\"query-input\":{\"@type\":\"PropertyValueSpecification\",\"valueRequired\":true,\"valueName\":\"search_term_string\"}}],\"inLanguage\":\"en-US\"},{\"@type\":\"Organization\",\"@id\":\"https:\/\/hetwa.org\/#organization\",\"name\":\"HETWA\",\"url\":\"https:\/\/hetwa.org\/\",\"logo\":{\"@type\":\"ImageObject\",\"inLanguage\":\"en-US\",\"@id\":\"https:\/\/hetwa.org\/#\/schema\/logo\/image\/\",\"url\":\"https:\/\/hetwa.org\/wp-content\/uploads\/2022\/08\/cropped-logo-hetwa-1.png\",\"contentUrl\":\"https:\/\/hetwa.org\/wp-content\/uploads\/2022\/08\/cropped-logo-hetwa-1.png\",\"width\":349,\"height\":311,\"caption\":\"HETWA\"},\"image\":{\"@id\":\"https:\/\/hetwa.org\/#\/schema\/logo\/image\/\"},\"sameAs\":[\"https:\/\/www.linkedin.com\/company\/hetwa\/about\/\"]}]}<\/script>\n<!-- \/ Yoast SEO plugin. -->","yoast_head_json":{"title":"Valeur1 - HETWA","robots":{"index":"index","follow":"follow","max-snippet":"max-snippet:-1","max-image-preview":"max-image-preview:large","max-video-preview":"max-video-preview:-1"},"canonical":"https:\/\/hetwa.org\/en\/valeur1\/","og_locale":"en_US","og_type":"article","og_title":"Valeur1 - HETWA","og_description":"Travail concis et libert\u00e9s dans nos r\u00e9sultatsBienvenue chez HETWA : \u00c9clairons l'Avenir de l'EauChez HETWA, nous nous engageons \u00e0 r\u00e9volutionner la mani\u00e8re dont nous \u00e9valuons et g\u00e9rons la ressource en eau et sa qualit\u00e9 sur notre pr\u00e9cieux territoire. Notre startup s'appuie sur une philosophie essentielle : le travail concis et libre. Cette approche est le [&hellip;]","og_url":"https:\/\/hetwa.org\/en\/valeur1\/","og_site_name":"HETWA","article_modified_time":"2024-10-14T22:22:47+00:00","twitter_card":"summary_large_image","twitter_misc":{"Est. reading time":"4 minutes"},"schema":{"@context":"https:\/\/schema.org","@graph":[{"@type":"WebPage","@id":"https:\/\/hetwa.org\/valeur1\/","url":"https:\/\/hetwa.org\/valeur1\/","name":"Valeur1 - HETWA","isPartOf":{"@id":"https:\/\/hetwa.org\/#website"},"datePublished":"2023-10-13T09:39:12+00:00","dateModified":"2024-10-14T22:22:47+00:00","breadcrumb":{"@id":"https:\/\/hetwa.org\/valeur1\/#breadcrumb"},"inLanguage":"en-US","potentialAction":[{"@type":"ReadAction","target":["https:\/\/hetwa.org\/valeur1\/"]}]},{"@type":"BreadcrumbList","@id":"https:\/\/hetwa.org\/valeur1\/#breadcrumb","itemListElement":[{"@type":"ListItem","position":1,"name":"Accueil","item":"https:\/\/hetwa.org\/"},{"@type":"ListItem","position":2,"name":"Valeur1"}]},{"@type":"WebSite","@id":"https:\/\/hetwa.org\/#website","url":"https:\/\/hetwa.org\/","name":"HETWA","description":"","publisher":{"@id":"https:\/\/hetwa.org\/#organization"},"potentialAction":[{"@type":"SearchAction","target":{"@type":"EntryPoint","urlTemplate":"https:\/\/hetwa.org\/?s={search_term_string}"},"query-input":{"@type":"PropertyValueSpecification","valueRequired":true,"valueName":"search_term_string"}}],"inLanguage":"en-US"},{"@type":"Organization","@id":"https:\/\/hetwa.org\/#organization","name":"HETWA","url":"https:\/\/hetwa.org\/","logo":{"@type":"ImageObject","inLanguage":"en-US","@id":"https:\/\/hetwa.org\/#\/schema\/logo\/image\/","url":"https:\/\/hetwa.org\/wp-content\/uploads\/2022\/08\/cropped-logo-hetwa-1.png","contentUrl":"https:\/\/hetwa.org\/wp-content\/uploads\/2022\/08\/cropped-logo-hetwa-1.png","width":349,"height":311,"caption":"HETWA"},"image":{"@id":"https:\/\/hetwa.org\/#\/schema\/logo\/image\/"},"sameAs":["https:\/\/www.linkedin.com\/company\/hetwa\/about\/"]}]}},"_links":{"self":[{"href":"https:\/\/hetwa.org\/en\/wp-json\/wp\/v2\/pages\/1929","targetHints":{"allow":["GET"]}}],"collection":[{"href":"https:\/\/hetwa.org\/en\/wp-json\/wp\/v2\/pages"}],"about":[{"href":"https:\/\/hetwa.org\/en\/wp-json\/wp\/v2\/types\/page"}],"author":[{"embeddable":true,"href":"https:\/\/hetwa.org\/en\/wp-json\/wp\/v2\/users\/6"}],"replies":[{"embeddable":true,"href":"https:\/\/hetwa.org\/en\/wp-json\/wp\/v2\/comments?post=1929"}],"version-history":[{"count":8,"href":"https:\/\/hetwa.org\/en\/wp-json\/wp\/v2\/pages\/1929\/revisions"}],"predecessor-version":[{"id":3828,"href":"https:\/\/hetwa.org\/en\/wp-json\/wp\/v2\/pages\/1929\/revisions\/3828"}],"wp:attachment":[{"href":"https:\/\/hetwa.org\/en\/wp-json\/wp\/v2\/media?parent=1929"}],"curies":[{"name":"wp","href":"https:\/\/api.w.org\/{rel}","templated":true}]}}