{"id":1958,"date":"2023-10-13T12:03:11","date_gmt":"2023-10-13T10:03:11","guid":{"rendered":"https:\/\/hetwa.org\/?page_id=1958"},"modified":"2024-10-15T00:00:49","modified_gmt":"2024-10-14T22:00:49","slug":"valeur4","status":"publish","type":"page","link":"https:\/\/hetwa.org\/en\/valeur4\/","title":{"rendered":"Valeur4"},"content":{"rendered":"<p>[et_pb_section fb_built=\u00a0\u00bb1&Prime; prev_background_color=\u00a0\u00bbrgba(58,159,193,0.04)\u00a0\u00bb admin_label=\u00a0\u00bbAbout\u00a0\u00bb _builder_version=\u00a0\u00bb4.18.0&Prime; _module_preset=\u00a0\u00bbdefault\u00a0\u00bb custom_margin=\u00a0\u00bb-54px||||false|false\u00a0\u00bb top_divider_style=\u00a0\u00bbnone\u00a0\u00bb collapsed=\u00a0\u00bbon\u00a0\u00bb global_colors_info=\u00a0\u00bb{}\u00a0\u00bb][et_pb_row _builder_version=\u00a0\u00bb4.18.0&Prime; _module_preset=\u00a0\u00bbdefault\u00a0\u00bb global_colors_info=\u00a0\u00bb{}\u00a0\u00bb][et_pb_column type=\u00a0\u00bb4_4&Prime; _builder_version=\u00a0\u00bb4.18.0&Prime; _module_preset=\u00a0\u00bbdefault\u00a0\u00bb global_colors_info=\u00a0\u00bb{}\u00a0\u00bb][et_pb_text _builder_version=\u00a0\u00bb4.18.0&Prime; _module_preset=\u00a0\u00bbb327cbe4-b1d5-4b66-ad37-40c8f2f061ba\u00a0\u00bb text_font=\u00a0\u00bb||||||||\u00a0\u00bb text_font_size=\u00a0\u00bb33px\u00a0\u00bb header_2_font=\u00a0\u00bbInter|700|||||||\u00a0\u00bb header_2_text_color=\u00a0\u00bb#000000&Prime; header_2_font_size=\u00a0\u00bb48px\u00a0\u00bb header_2_line_height=\u00a0\u00bb1.2em\u00a0\u00bb width=\u00a0\u00bb100%\u00a0\u00bb custom_margin=\u00a0\u00bb||10px||false|false\u00a0\u00bb header_2_font_size_tablet=\u00a0\u00bb32px\u00a0\u00bb header_2_font_size_phone=\u00a0\u00bb20px\u00a0\u00bb header_2_font_size_last_edited=\u00a0\u00bbon|desktop\u00a0\u00bb inline_fonts=\u00a0\u00bbNeutraText Demi\u00a0\u00bb global_colors_info=\u00a0\u00bb{}\u00a0\u00bb]<\/p>\n<h2 style=\"text-align: center;\"><span style=\"font-family: 'NeutraText Demi'; font-weight: normal;\">\u00c9quipe \u00e0 l\u2019\u00e9coute<\/span><\/h2>\n<p>[\/et_pb_text][\/et_pb_column][\/et_pb_row][et_pb_row column_structure=\u00a0\u00bb1_2,1_2&Prime; make_equal=\u00a0\u00bbon\u00a0\u00bb _builder_version=\u00a0\u00bb4.27.2&Prime; _module_preset=\u00a0\u00bbdefault\u00a0\u00bb width=\u00a0\u00bb92%\u00a0\u00bb max_width=\u00a0\u00bb1300px\u00a0\u00bb hover_enabled=\u00a0\u00bb0&Prime; global_colors_info=\u00a0\u00bb{}\u00a0\u00bb width_last_edited=\u00a0\u00bbon|tablet\u00a0\u00bb sticky_enabled=\u00a0\u00bb0&Prime; width_tablet=\u00a0\u00bb67%\u00a0\u00bb module_alignment_last_edited=\u00a0\u00bbon|tablet\u00a0\u00bb module_alignment_tablet=\u00a0\u00bbcenter\u00a0\u00bb min_height_last_edited=\u00a0\u00bbon|tablet\u00a0\u00bb min_height_tablet=\u00a0\u00bb391px\u00a0\u00bb height_last_edited=\u00a0\u00bbon|tablet\u00a0\u00bb height_tablet=\u00a0\u00bb488px\u00a0\u00bb custom_margin_last_edited=\u00a0\u00bbon|tablet\u00a0\u00bb custom_margin_tablet=\u00a0\u00bb100px||||false|false\u00a0\u00bb min_height_phone=\u00a0\u00bb388px\u00a0\u00bb width_phone=\u00a0\u00bb67%\u00a0\u00bb module_alignment_phone=\u00a0\u00bbcenter\u00a0\u00bb height_phone=\u00a0\u00bb488px\u00a0\u00bb custom_margin_phone=\u00a0\u00bb100px||||false|false\u00a0\u00bb][et_pb_column type=\u00a0\u00bb1_2&Prime; _builder_version=\u00a0\u00bb4.17.4&Prime; _module_preset=\u00a0\u00bbdefault\u00a0\u00bb global_colors_info=\u00a0\u00bb{}\u00a0\u00bb][et_pb_image src=\u00a0\u00bbhttps:\/\/hetwa.org\/wp-content\/uploads\/2023\/10\/attention-at-work.jpg\u00a0\u00bb title_text=\u00a0\u00bbattention-at-work\u00a0\u00bb _builder_version=\u00a0\u00bb4.27.2&Prime; _module_preset=\u00a0\u00bbdefault\u00a0\u00bb background_image=\u00a0\u00bbhttps:\/\/hetwa.org\/wp-content\/uploads\/2023\/10\/device-repair-23.jpg\u00a0\u00bb positioning=\u00a0\u00bbabsolute\u00a0\u00bb vertical_offset=\u00a0\u00bb25px\u00a0\u00bb horizontal_offset=\u00a0\u00bb-9px\u00a0\u00bb z_index=\u00a0\u00bb2&Prime; position_origin_a_tablet=\u00a0\u00bbcenter_left\u00a0\u00bb position_origin_a_phone=\u00a0\u00bbcenter_left\u00a0\u00bb position_origin_a_last_edited=\u00a0\u00bbon|phone\u00a0\u00bb position_origin_f_tablet=\u00a0\u00bb\u00a0\u00bb position_origin_f_phone=\u00a0\u00bb\u00a0\u00bb position_origin_f_last_edited=\u00a0\u00bbon|phone\u00a0\u00bb position_origin_r_tablet=\u00a0\u00bb\u00a0\u00bb position_origin_r_phone=\u00a0\u00bb\u00a0\u00bb position_origin_r_last_edited=\u00a0\u00bbon|phone\u00a0\u00bb width=\u00a0\u00bb50%\u00a0\u00bb min_height=\u00a0\u00bb280px\u00a0\u00bb custom_margin=\u00a0\u00bb18%||||false|false\u00a0\u00bb hover_enabled=\u00a0\u00bb0&Prime; positioning_tablet=\u00a0\u00bbabsolute\u00a0\u00bb positioning_phone=\u00a0\u00bbrelative\u00a0\u00bb positioning_last_edited=\u00a0\u00bbon|phone\u00a0\u00bb custom_css_main_element=\u00a0\u00bb-webkit-clip-path: polygon(25% 0%, 100% 0%, 75% 100%, 0% 100%);||clip-path: polygon(25% 0%, 100% 0%, 75% 100%, 0% 100%);\u00a0\u00bb locked=\u00a0\u00bboff\u00a0\u00bb global_colors_info=\u00a0\u00bb{}\u00a0\u00bb min_height_last_edited=\u00a0\u00bbon|tablet\u00a0\u00bb sticky_enabled=\u00a0\u00bb0&Prime; min_height_tablet=\u00a0\u00bb191px\u00a0\u00bb height_last_edited=\u00a0\u00bbon|tablet\u00a0\u00bb height_tablet=\u00a0\u00bb142px\u00a0\u00bb custom_margin_last_edited=\u00a0\u00bbon|phone\u00a0\u00bb custom_margin_tablet=\u00a0\u00bb-10%||||false|false\u00a0\u00bb min_height_phone=\u00a0\u00bb191px\u00a0\u00bb height_phone=\u00a0\u00bb142px\u00a0\u00bb custom_margin_phone=\u00a0\u00bb-10%||||false|false\u00a0\u00bb][\/et_pb_image][et_pb_image src=\u00a0\u00bbhttps:\/\/hetwa.org\/wp-content\/uploads\/2023\/10\/v4-460px-Become-the-Centre-of-Attention-Step-13-Version-3.jpg\u00a0\u00bb title_text=\u00a0\u00bbv4-460px-Become-the-Centre-of-Attention-Step-13-Version-3&Prime; _builder_version=\u00a0\u00bb4.27.2&Prime; _module_preset=\u00a0\u00bbdefault\u00a0\u00bb background_image=\u00a0\u00bbhttps:\/\/hetwa.org\/wp-content\/uploads\/2023\/10\/device-repair-23.jpg\u00a0\u00bb positioning=\u00a0\u00bbabsolute\u00a0\u00bb vertical_offset=\u00a0\u00bb-107px\u00a0\u00bb horizontal_offset=\u00a0\u00bb319px\u00a0\u00bb z_index=\u00a0\u00bb2&Prime; position_origin_a_tablet=\u00a0\u00bbcenter_left\u00a0\u00bb position_origin_a_phone=\u00a0\u00bbcenter_left\u00a0\u00bb position_origin_a_last_edited=\u00a0\u00bbon|phone\u00a0\u00bb position_origin_f_tablet=\u00a0\u00bb\u00a0\u00bb position_origin_f_phone=\u00a0\u00bb\u00a0\u00bb position_origin_f_last_edited=\u00a0\u00bbon|phone\u00a0\u00bb position_origin_r_tablet=\u00a0\u00bb\u00a0\u00bb position_origin_r_phone=\u00a0\u00bb\u00a0\u00bb position_origin_r_last_edited=\u00a0\u00bbon|phone\u00a0\u00bb width=\u00a0\u00bb50%\u00a0\u00bb min_height=\u00a0\u00bb175px\u00a0\u00bb custom_margin=\u00a0\u00bb180px||||false|false\u00a0\u00bb hover_enabled=\u00a0\u00bb0&Prime; positioning_tablet=\u00a0\u00bbabsolute\u00a0\u00bb positioning_phone=\u00a0\u00bbrelative\u00a0\u00bb positioning_last_edited=\u00a0\u00bbon|phone\u00a0\u00bb custom_css_main_element=\u00a0\u00bb-webkit-clip-path: polygon(25% 0%, 100% 0%, 75% 100%, 0% 100%);||clip-path: polygon(25% 0%, 100% 0%, 75% 100%, 0% 100%);\u00a0\u00bb locked=\u00a0\u00bboff\u00a0\u00bb global_colors_info=\u00a0\u00bb{}\u00a0\u00bb custom_margin_last_edited=\u00a0\u00bbon|tablet\u00a0\u00bb sticky_enabled=\u00a0\u00bb0&Prime; custom_margin_tablet=\u00a0\u00bb-50px||||false|false\u00a0\u00bb height_last_edited=\u00a0\u00bbon|phone\u00a0\u00bb height_tablet=\u00a0\u00bb100px\u00a0\u00bb width_last_edited=\u00a0\u00bbon|phone\u00a0\u00bb width_phone=\u00a0\u00bb33%\u00a0\u00bb max_width=\u00a0\u00bb52%\u00a0\u00bb align=\u00a0\u00bbcenter\u00a0\u00bb custom_margin_phone=\u00a0\u00bb-50px||||false|false\u00a0\u00bb height_phone=\u00a0\u00bb100px\u00a0\u00bb width_tablet=\u00a0\u00bb50%\u00a0\u00bb][\/et_pb_image][\/et_pb_column][et_pb_column _builder_version=\u00a0\u00bb4.27.2&Prime; _module_preset=\u00a0\u00bbdefault\u00a0\u00bb type=\u00a0\u00bb1_2&Prime;][et_pb_text _builder_version=\u00a0\u00bb4.18.0&Prime; _module_preset=\u00a0\u00bbe6504a1b-67eb-4b3d-b023-bcab277610b6&Prime; header_4_font=\u00a0\u00bbInter|700||on|||||\u00a0\u00bb header_4_text_color=\u00a0\u00bb#F26440&Prime; header_4_font_size=\u00a0\u00bb14px\u00a0\u00bb header_4_letter_spacing=\u00a0\u00bb1px\u00a0\u00bb header_4_line_height=\u00a0\u00bb1.4em\u00a0\u00bb custom_margin=\u00a0\u00bb||0px||false|false\u00a0\u00bb locked=\u00a0\u00bboff\u00a0\u00bb global_colors_info=\u00a0\u00bb{}\u00a0\u00bb]<\/p>\n<h4>\u00c9coute et Relation Client :<\/h4>\n<p>[\/et_pb_text][et_pb_text _builder_version=\u00a0\u00bb4.27.2&Prime; _module_preset=\u00a0\u00bbdefault\u00a0\u00bb hover_enabled=\u00a0\u00bb0&Prime; global_colors_info=\u00a0\u00bb{}\u00a0\u00bb text_font_size_last_edited=\u00a0\u00bbon|phone\u00a0\u00bb sticky_enabled=\u00a0\u00bb0&Prime; text_font_size_tablet=\u00a0\u00bb14px\u00a0\u00bb text_orientation=\u00a0\u00bbjustified\u00a0\u00bb text_font_size_phone=\u00a0\u00bb15px\u00a0\u00bb]<\/p>\n<p>Chez HETWA, l\u2019\u00e9coute n\u2019est pas seulement une question de culture interne, c\u2019est aussi un \u00e9l\u00e9ment fondamental de notre relation avec nos clients. Nous croyons fermement en l\u2019importance de comprendre les besoins uniques de chaque client. Cela signifie que nous ne fournissons pas de solutions pr\u00eates \u00e0 l\u2019emploi, mais des r\u00e9ponses adapt\u00e9es sp\u00e9cifiquement \u00e0 chaque situation notamment dans le cadre de l&rsquo;\u00e9valuation des impacts du changement climatique et de la gestion des ressources naturelles Notre \u00e9quipe est \u00e0 l\u2019\u00e9coute de nos clients, que ce soit pour des besoins professionnels ou personnels. Nous sommes l\u00e0 pour vous accompagner \u00e0 chaque \u00e9tape du processus , en utilisant des outils comme la visualisation des donn\u00e9es environnementales et en proposant des solutions personnalis\u00e9es adapt\u00e9es aux acteurs du territoire.<\/p>\n<p>[\/et_pb_text][et_pb_text _builder_version=\u00a0\u00bb4.18.0&Prime; _module_preset=\u00a0\u00bbe6504a1b-67eb-4b3d-b023-bcab277610b6&Prime; header_4_font=\u00a0\u00bbInter|700||on|||||\u00a0\u00bb header_4_text_color=\u00a0\u00bb#F26440&Prime; header_4_font_size=\u00a0\u00bb14px\u00a0\u00bb header_4_letter_spacing=\u00a0\u00bb1px\u00a0\u00bb header_4_line_height=\u00a0\u00bb1.4em\u00a0\u00bb custom_margin=\u00a0\u00bb||0px||false|false\u00a0\u00bb locked=\u00a0\u00bboff\u00a0\u00bb global_colors_info=\u00a0\u00bb{}\u00a0\u00bb]<\/p>\n<h4>Un Avenir Responsable Ensemble :<\/h4>\n<p>[\/et_pb_text][et_pb_text _builder_version=\u00a0\u00bb4.27.2&Prime; _module_preset=\u00a0\u00bbdefault\u00a0\u00bb custom_padding=\u00a0\u00bb||0px|||\u00a0\u00bb hover_enabled=\u00a0\u00bb0&Prime; locked=\u00a0\u00bboff\u00a0\u00bb global_colors_info=\u00a0\u00bb{}\u00a0\u00bb text_orientation_last_edited=\u00a0\u00bbon|tablet\u00a0\u00bb sticky_enabled=\u00a0\u00bb0&Prime; text_orientation_tablet=\u00a0\u00bbjustified\u00a0\u00bb text_font_size_last_edited=\u00a0\u00bbon|phone\u00a0\u00bb text_font_size_phone=\u00a0\u00bb15px\u00a0\u00bb custom_margin_last_edited=\u00a0\u00bbon|tablet\u00a0\u00bb custom_margin_tablet=\u00a0\u00bb||100px||false|false\u00a0\u00bb text_orientation_phone=\u00a0\u00bbjustified\u00a0\u00bb custom_margin_phone=\u00a0\u00bb||100px||false|false\u00a0\u00bb]<\/p>\n<p>Chez HETWA, notre d\u00e9marche ne se limite pas \u00e0 la gestion de l\u2019eau et \u00e0 la pr\u00e9servation de l\u2019environnement, c\u2019est une philosophie de travail qui impr\u00e8gne tout ce que nous faisons. La responsabilit\u00e9 soci\u00e9tale de notre entreprise est importante pour nous o\u00f9 nous essayons d\u2019int\u00e9grer des enjeux sociaux, \u00e9conomiques et \u00e9thiques en plus des enjeux environnementaux qui nous tiennent \u00e0 c\u0153ur. A HETWA, nous valorisons au maximum les potentiels de chaque membre de l\u2019\u00e9quipe en maintenant un \u00e9quilibre dans lequel tout le monde s\u2019y retrouve. Nous int\u00e9grons des principes tels que la responsabilit\u00e9 soci\u00e9tale des entreprises et la gestion durable des ressources en eau dans notre culture de la communication r\u00e9ciproque.\u00a0 Notre culture d\u2019entreprise favorise une communication ouverte, une atmosph\u00e8re de bienveillance et un environnement o\u00f9 chaque voix compte. En avan\u00e7ant ensemble, en \u00e9coutant les uns les autres, nous nous assurons que notre travail est toujours guid\u00e9 par des valeurs fondamentales : la libert\u00e9, la cr\u00e9ativit\u00e9 et la collaboration dans l\u2019objectif d\u2019\u00e9laborer des solutions environnementales innovantes.<\/p>\n<p>[\/et_pb_text][\/et_pb_column][\/et_pb_row][\/et_pb_section]<\/p>\n","protected":false},"excerpt":{"rendered":"<p>\u00c9quipe \u00e0 l\u2019\u00e9coute\u00c9coute et Relation Client :Chez HETWA, l\u2019\u00e9coute n\u2019est pas seulement une question de culture interne, c\u2019est aussi un \u00e9l\u00e9ment fondamental de notre relation avec nos clients. Nous croyons fermement en l\u2019importance de comprendre les besoins uniques de chaque client. Cela signifie que nous ne fournissons pas de solutions pr\u00eates \u00e0 l\u2019emploi, mais des [&hellip;]<\/p>\n","protected":false},"author":6,"featured_media":0,"parent":0,"menu_order":0,"comment_status":"closed","ping_status":"closed","template":"","meta":{"_et_pb_use_builder":"on","_et_pb_old_content":"","_et_gb_content_width":"","footnotes":""},"class_list":["post-1958","page","type-page","status-publish","hentry"],"yoast_head":"<!-- This site is optimized with the Yoast SEO plugin v27.5 - https:\/\/yoast.com\/product\/yoast-seo-wordpress\/ -->\n<title>Valeur4 - HETWA<\/title>\n<meta name=\"robots\" content=\"index, follow, max-snippet:-1, max-image-preview:large, max-video-preview:-1\" \/>\n<link rel=\"canonical\" href=\"https:\/\/hetwa.org\/en\/valeur4\/\" \/>\n<meta property=\"og:locale\" content=\"en_US\" \/>\n<meta property=\"og:type\" content=\"article\" \/>\n<meta property=\"og:title\" content=\"Valeur4 - HETWA\" \/>\n<meta property=\"og:description\" content=\"\u00c9quipe \u00e0 l\u2019\u00e9coute\u00c9coute et Relation Client :Chez HETWA, l\u2019\u00e9coute n\u2019est pas seulement une question de culture interne, c\u2019est aussi un \u00e9l\u00e9ment fondamental de notre relation avec nos clients. Nous croyons fermement en l\u2019importance de comprendre les besoins uniques de chaque client. Cela signifie que nous ne fournissons pas de solutions pr\u00eates \u00e0 l\u2019emploi, mais des [&hellip;]\" \/>\n<meta property=\"og:url\" content=\"https:\/\/hetwa.org\/en\/valeur4\/\" \/>\n<meta property=\"og:site_name\" content=\"HETWA\" \/>\n<meta property=\"article:modified_time\" content=\"2024-10-14T22:00:49+00:00\" \/>\n<meta name=\"twitter:card\" content=\"summary_large_image\" \/>\n<script type=\"application\/ld+json\" class=\"yoast-schema-graph\">{\"@context\":\"https:\\\/\\\/schema.org\",\"@graph\":[{\"@type\":\"WebPage\",\"@id\":\"https:\\\/\\\/hetwa.org\\\/valeur4\\\/\",\"url\":\"https:\\\/\\\/hetwa.org\\\/valeur4\\\/\",\"name\":\"Valeur4 - HETWA\",\"isPartOf\":{\"@id\":\"https:\\\/\\\/hetwa.org\\\/#website\"},\"datePublished\":\"2023-10-13T10:03:11+00:00\",\"dateModified\":\"2024-10-14T22:00:49+00:00\",\"breadcrumb\":{\"@id\":\"https:\\\/\\\/hetwa.org\\\/valeur4\\\/#breadcrumb\"},\"inLanguage\":\"en-US\",\"potentialAction\":[{\"@type\":\"ReadAction\",\"target\":[\"https:\\\/\\\/hetwa.org\\\/valeur4\\\/\"]}]},{\"@type\":\"BreadcrumbList\",\"@id\":\"https:\\\/\\\/hetwa.org\\\/valeur4\\\/#breadcrumb\",\"itemListElement\":[{\"@type\":\"ListItem\",\"position\":1,\"name\":\"Accueil\",\"item\":\"https:\\\/\\\/hetwa.org\\\/\"},{\"@type\":\"ListItem\",\"position\":2,\"name\":\"Valeur4\"}]},{\"@type\":\"WebSite\",\"@id\":\"https:\\\/\\\/hetwa.org\\\/#website\",\"url\":\"https:\\\/\\\/hetwa.org\\\/\",\"name\":\"HETWA\",\"description\":\"\",\"publisher\":{\"@id\":\"https:\\\/\\\/hetwa.org\\\/#organization\"},\"potentialAction\":[{\"@type\":\"SearchAction\",\"target\":{\"@type\":\"EntryPoint\",\"urlTemplate\":\"https:\\\/\\\/hetwa.org\\\/?s={search_term_string}\"},\"query-input\":{\"@type\":\"PropertyValueSpecification\",\"valueRequired\":true,\"valueName\":\"search_term_string\"}}],\"inLanguage\":\"en-US\"},{\"@type\":\"Organization\",\"@id\":\"https:\\\/\\\/hetwa.org\\\/#organization\",\"name\":\"HETWA\",\"url\":\"https:\\\/\\\/hetwa.org\\\/\",\"logo\":{\"@type\":\"ImageObject\",\"inLanguage\":\"en-US\",\"@id\":\"https:\\\/\\\/hetwa.org\\\/#\\\/schema\\\/logo\\\/image\\\/\",\"url\":\"https:\\\/\\\/hetwa.org\\\/wp-content\\\/uploads\\\/2022\\\/08\\\/cropped-logo-hetwa-1.png\",\"contentUrl\":\"https:\\\/\\\/hetwa.org\\\/wp-content\\\/uploads\\\/2022\\\/08\\\/cropped-logo-hetwa-1.png\",\"width\":349,\"height\":311,\"caption\":\"HETWA\"},\"image\":{\"@id\":\"https:\\\/\\\/hetwa.org\\\/#\\\/schema\\\/logo\\\/image\\\/\"},\"sameAs\":[\"https:\\\/\\\/www.linkedin.com\\\/company\\\/hetwa\\\/about\\\/\"]}]}<\/script>\n<!-- \/ Yoast SEO plugin. -->","yoast_head_json":{"title":"Valeur4 - HETWA","robots":{"index":"index","follow":"follow","max-snippet":"max-snippet:-1","max-image-preview":"max-image-preview:large","max-video-preview":"max-video-preview:-1"},"canonical":"https:\/\/hetwa.org\/en\/valeur4\/","og_locale":"en_US","og_type":"article","og_title":"Valeur4 - HETWA","og_description":"\u00c9quipe \u00e0 l\u2019\u00e9coute\u00c9coute et Relation Client :Chez HETWA, l\u2019\u00e9coute n\u2019est pas seulement une question de culture interne, c\u2019est aussi un \u00e9l\u00e9ment fondamental de notre relation avec nos clients. Nous croyons fermement en l\u2019importance de comprendre les besoins uniques de chaque client. Cela signifie que nous ne fournissons pas de solutions pr\u00eates \u00e0 l\u2019emploi, mais des [&hellip;]","og_url":"https:\/\/hetwa.org\/en\/valeur4\/","og_site_name":"HETWA","article_modified_time":"2024-10-14T22:00:49+00:00","twitter_card":"summary_large_image","schema":{"@context":"https:\/\/schema.org","@graph":[{"@type":"WebPage","@id":"https:\/\/hetwa.org\/valeur4\/","url":"https:\/\/hetwa.org\/valeur4\/","name":"Valeur4 - HETWA","isPartOf":{"@id":"https:\/\/hetwa.org\/#website"},"datePublished":"2023-10-13T10:03:11+00:00","dateModified":"2024-10-14T22:00:49+00:00","breadcrumb":{"@id":"https:\/\/hetwa.org\/valeur4\/#breadcrumb"},"inLanguage":"en-US","potentialAction":[{"@type":"ReadAction","target":["https:\/\/hetwa.org\/valeur4\/"]}]},{"@type":"BreadcrumbList","@id":"https:\/\/hetwa.org\/valeur4\/#breadcrumb","itemListElement":[{"@type":"ListItem","position":1,"name":"Accueil","item":"https:\/\/hetwa.org\/"},{"@type":"ListItem","position":2,"name":"Valeur4"}]},{"@type":"WebSite","@id":"https:\/\/hetwa.org\/#website","url":"https:\/\/hetwa.org\/","name":"HETWA","description":"","publisher":{"@id":"https:\/\/hetwa.org\/#organization"},"potentialAction":[{"@type":"SearchAction","target":{"@type":"EntryPoint","urlTemplate":"https:\/\/hetwa.org\/?s={search_term_string}"},"query-input":{"@type":"PropertyValueSpecification","valueRequired":true,"valueName":"search_term_string"}}],"inLanguage":"en-US"},{"@type":"Organization","@id":"https:\/\/hetwa.org\/#organization","name":"HETWA","url":"https:\/\/hetwa.org\/","logo":{"@type":"ImageObject","inLanguage":"en-US","@id":"https:\/\/hetwa.org\/#\/schema\/logo\/image\/","url":"https:\/\/hetwa.org\/wp-content\/uploads\/2022\/08\/cropped-logo-hetwa-1.png","contentUrl":"https:\/\/hetwa.org\/wp-content\/uploads\/2022\/08\/cropped-logo-hetwa-1.png","width":349,"height":311,"caption":"HETWA"},"image":{"@id":"https:\/\/hetwa.org\/#\/schema\/logo\/image\/"},"sameAs":["https:\/\/www.linkedin.com\/company\/hetwa\/about\/"]}]}},"_links":{"self":[{"href":"https:\/\/hetwa.org\/en\/wp-json\/wp\/v2\/pages\/1958","targetHints":{"allow":["GET"]}}],"collection":[{"href":"https:\/\/hetwa.org\/en\/wp-json\/wp\/v2\/pages"}],"about":[{"href":"https:\/\/hetwa.org\/en\/wp-json\/wp\/v2\/types\/page"}],"author":[{"embeddable":true,"href":"https:\/\/hetwa.org\/en\/wp-json\/wp\/v2\/users\/6"}],"replies":[{"embeddable":true,"href":"https:\/\/hetwa.org\/en\/wp-json\/wp\/v2\/comments?post=1958"}],"version-history":[{"count":7,"href":"https:\/\/hetwa.org\/en\/wp-json\/wp\/v2\/pages\/1958\/revisions"}],"predecessor-version":[{"id":3815,"href":"https:\/\/hetwa.org\/en\/wp-json\/wp\/v2\/pages\/1958\/revisions\/3815"}],"wp:attachment":[{"href":"https:\/\/hetwa.org\/en\/wp-json\/wp\/v2\/media?parent=1958"}],"curies":[{"name":"wp","href":"https:\/\/api.w.org\/{rel}","templated":true}]}}