{"id":2143,"date":"2024-08-29T11:01:49","date_gmt":"2024-08-29T09:01:49","guid":{"rendered":"https:\/\/hetwa.org\/?page_id=2143"},"modified":"2024-10-14T23:51:34","modified_gmt":"2024-10-14T21:51:34","slug":"acteurs-prives","status":"publish","type":"page","link":"https:\/\/hetwa.org\/en\/acteurs-prives\/","title":{"rendered":"Private stakeholders"},"content":{"rendered":"<p>[et_pb_section fb_built=\u00a0\u00bb1&Prime; prev_background_color=\u00a0\u00bbrgba(58,159,193,0.04)\u00a0\u00bb _builder_version=\u00a0\u00bb4.27.2&Prime; _module_preset=\u00a0\u00bbdefault\u00a0\u00bb top_divider_style=\u00a0\u00bbnone\u00a0\u00bb global_colors_info=\u00a0\u00bb{}\u00a0\u00bb][et_pb_row _builder_version=\u00a0\u00bb4.27.0&Prime; _module_preset=\u00a0\u00bbdefault\u00a0\u00bb width=\u00a0\u00bb82%\u00a0\u00bb max_width=\u00a0\u00bb1342px\u00a0\u00bb global_colors_info=\u00a0\u00bb{}\u00a0\u00bb][et_pb_column type=\u00a0\u00bb4_4&Prime; _builder_version=\u00a0\u00bb4.27.0&Prime; _module_preset=\u00a0\u00bbdefault\u00a0\u00bb global_colors_info=\u00a0\u00bb{}\u00a0\u00bb][et_pb_text _builder_version=\u00a0\u00bb4.27.2&Prime; _module_preset=\u00a0\u00bbdefault\u00a0\u00bb text_font=\u00a0\u00bbNeutraText Demi||||||||\u00a0\u00bb text_font_size=\u00a0\u00bb40px\u00a0\u00bb ul_font_size=\u00a0\u00bb18px\u00a0\u00bb header_font=\u00a0\u00bbNeutraText Demi||||||||\u00a0\u00bb header_font_size=\u00a0\u00bb40px\u00a0\u00bb header_4_font_size=\u00a0\u00bb44px\u00a0\u00bb custom_margin=\u00a0\u00bb-8px||-48px||false|false\u00a0\u00bb custom_padding=\u00a0\u00bb|0px||||\u00a0\u00bb inline_fonts=\u00a0\u00bbABeeZee\u00a0\u00bb global_colors_info=\u00a0\u00bb{}\u00a0\u00bb]<\/p>\n<p style=\"text-align: center;\"><span style=\"font-family: ABeeZee; font-weight: normal; font-size: xx-large;\">Acteurs priv\u00e9s<\/span><\/p>\n<p>[\/et_pb_text][\/et_pb_column][\/et_pb_row][et_pb_row _builder_version=\u00a0\u00bb4.27.0&Prime; _module_preset=\u00a0\u00bbdefault\u00a0\u00bb min_height=\u00a0\u00bb115.2px\u00a0\u00bb global_colors_info=\u00a0\u00bb{}\u00a0\u00bb][et_pb_column type=\u00a0\u00bb4_4&Prime; _builder_version=\u00a0\u00bb4.27.0&Prime; _module_preset=\u00a0\u00bbdefault\u00a0\u00bb global_colors_info=\u00a0\u00bb{}\u00a0\u00bb][et_pb_text _builder_version=\u00a0\u00bb4.27.2&Prime; _module_preset=\u00a0\u00bbdefault\u00a0\u00bb text_font=\u00a0\u00bbNeutraText Book||||||||\u00a0\u00bb text_font_size=\u00a0\u00bb18px\u00a0\u00bb header_font=\u00a0\u00bbNeutraText Book||||||||\u00a0\u00bb header_font_size=\u00a0\u00bb21px\u00a0\u00bb text_orientation=\u00a0\u00bbjustified\u00a0\u00bb global_colors_info=\u00a0\u00bb{}\u00a0\u00bb]<\/p>\n<p style=\"text-align: center;\"><span class=\"OYPEnA\">En tant qu&rsquo;acteurs priv\u00e9s, que vous soyez un bureau d&rsquo;\u00e9tudes, une entreprise, un courtier ou une soci\u00e9t\u00e9 d&rsquo;assurance, vos besoins en gestion des risques environnementaux et hydriques sont sp\u00e9cifiques et strat\u00e9giques. Nos solutions sont parfaitement adapt\u00e9es pour vous offrir une \u00e9valuation pr\u00e9cise des risques. Nos outils vous permettent de prendre des d\u00e9cisions \u00e9clair\u00e9es et de renforcer la r\u00e9silience de vos op\u00e9rations face aux d\u00e9fis climatiques et environnementaux.<\/span><\/p>\n<p>[\/et_pb_text][\/et_pb_column][\/et_pb_row][et_pb_row column_structure=\u00a0\u00bb1_3,1_3,1_3&Prime; _builder_version=\u00a0\u00bb4.27.2&Prime; _module_preset=\u00a0\u00bbdefault\u00a0\u00bb global_colors_info=\u00a0\u00bb{}\u00a0\u00bb][et_pb_column type=\u00a0\u00bb1_3&Prime; _builder_version=\u00a0\u00bb4.27.2&Prime; _module_preset=\u00a0\u00bbdefault\u00a0\u00bb global_colors_info=\u00a0\u00bb{}\u00a0\u00bb][et_pb_image src=\u00a0\u00bbhttps:\/\/hetwa.org\/wp-content\/uploads\/2024\/10\/13.png\u00a0\u00bb title_text=\u00a0\u00bb13&Prime; url=\u00a0\u00bbhttps:\/\/hetwa.org\/bureau-detudes\/\u00a0\u00bb align_tablet=\u00a0\u00bbcenter\u00a0\u00bb align_phone=\u00a0\u00bbcenter\u00a0\u00bb align_last_edited=\u00a0\u00bbon|phone\u00a0\u00bb _builder_version=\u00a0\u00bb4.27.2&Prime; _module_preset=\u00a0\u00bbdefault\u00a0\u00bb height=\u00a0\u00bb250px\u00a0\u00bb module_alignment_tablet=\u00a0\u00bb\u00a0\u00bb module_alignment_phone=\u00a0\u00bbcenter\u00a0\u00bb module_alignment_last_edited=\u00a0\u00bbon|tablet\u00a0\u00bb global_colors_info=\u00a0\u00bb{}\u00a0\u00bb][\/et_pb_image][\/et_pb_column][et_pb_column type=\u00a0\u00bb1_3&Prime; _builder_version=\u00a0\u00bb4.27.2&Prime; _module_preset=\u00a0\u00bbdefault\u00a0\u00bb global_colors_info=\u00a0\u00bb{}\u00a0\u00bb][et_pb_image src=\u00a0\u00bbhttps:\/\/hetwa.org\/wp-content\/uploads\/2024\/10\/14.png\u00a0\u00bb title_text=\u00a0\u00bb14&Prime; url=\u00a0\u00bbhttps:\/\/hetwa.org\/entreprise-privee\/\u00a0\u00bb align_tablet=\u00a0\u00bbcenter\u00a0\u00bb align_phone=\u00a0\u00bbcenter\u00a0\u00bb align_last_edited=\u00a0\u00bbon|tablet\u00a0\u00bb _builder_version=\u00a0\u00bb4.27.2&Prime; _module_preset=\u00a0\u00bbdefault\u00a0\u00bb width=\u00a0\u00bb100%\u00a0\u00bb width_tablet=\u00a0\u00bb100%\u00a0\u00bb width_phone=\u00a0\u00bb100%\u00a0\u00bb width_last_edited=\u00a0\u00bbon|desktop\u00a0\u00bb max_width=\u00a0\u00bb100%\u00a0\u00bb max_width_tablet=\u00a0\u00bb41%\u00a0\u00bb max_width_phone=\u00a0\u00bb95%\u00a0\u00bb max_width_last_edited=\u00a0\u00bbon|tablet\u00a0\u00bb min_height_tablet=\u00a0\u00bb100px\u00a0\u00bb min_height_phone=\u00a0\u00bb100px\u00a0\u00bb min_height_last_edited=\u00a0\u00bbon|tablet\u00a0\u00bb height=\u00a0\u00bb250px\u00a0\u00bb height_tablet=\u00a0\u00bb256px\u00a0\u00bb height_phone=\u00a0\u00bb248px\u00a0\u00bb height_last_edited=\u00a0\u00bbon|phone\u00a0\u00bb custom_margin=\u00a0\u00bb|0px||0px|false|false\u00a0\u00bb custom_margin_tablet=\u00a0\u00bb|0px||0px|false|false\u00a0\u00bb custom_margin_phone=\u00a0\u00bb|0px||0px|false|false\u00a0\u00bb custom_margin_last_edited=\u00a0\u00bbon|desktop\u00a0\u00bb hover_enabled=\u00a0\u00bb0&Prime; module_alignment_tablet=\u00a0\u00bbcenter\u00a0\u00bb module_alignment_phone=\u00a0\u00bbcenter\u00a0\u00bb module_alignment_last_edited=\u00a0\u00bbon|desktop\u00a0\u00bb global_colors_info=\u00a0\u00bb{}\u00a0\u00bb sticky_enabled=\u00a0\u00bb0&Prime;][\/et_pb_image][\/et_pb_column][et_pb_column type=\u00a0\u00bb1_3&Prime; _builder_version=\u00a0\u00bb4.27.2&Prime; _module_preset=\u00a0\u00bbdefault\u00a0\u00bb global_colors_info=\u00a0\u00bb{}\u00a0\u00bb][et_pb_image src=\u00a0\u00bbhttps:\/\/hetwa.org\/wp-content\/uploads\/2024\/10\/12.png\u00a0\u00bb title_text=\u00a0\u00bb12&Prime; url=\u00a0\u00bbhttps:\/\/hetwa.org\/courtage-et-assurance\/\u00a0\u00bb align_tablet=\u00a0\u00bbcenter\u00a0\u00bb align_phone=\u00a0\u00bbcenter\u00a0\u00bb align_last_edited=\u00a0\u00bbon|tablet\u00a0\u00bb _builder_version=\u00a0\u00bb4.27.2&Prime; _module_preset=\u00a0\u00bbdefault\u00a0\u00bb height=\u00a0\u00bb250px\u00a0\u00bb module_alignment_tablet=\u00a0\u00bbcenter\u00a0\u00bb module_alignment_phone=\u00a0\u00bbcenter\u00a0\u00bb module_alignment_last_edited=\u00a0\u00bbon|tablet\u00a0\u00bb global_colors_info=\u00a0\u00bb{}\u00a0\u00bb][\/et_pb_image][\/et_pb_column][\/et_pb_row][\/et_pb_section]<\/p>\n","protected":false},"excerpt":{"rendered":"<p>Acteurs priv\u00e9sEn tant qu&rsquo;acteurs priv\u00e9s, que vous soyez un bureau d&rsquo;\u00e9tudes, une entreprise, un courtier ou une soci\u00e9t\u00e9 d&rsquo;assurance, vos besoins en gestion des risques environnementaux et hydriques sont sp\u00e9cifiques et strat\u00e9giques. Nos solutions sont parfaitement adapt\u00e9es pour vous offrir une \u00e9valuation pr\u00e9cise des risques. Nos outils vous permettent de prendre des d\u00e9cisions \u00e9clair\u00e9es et [&hellip;]<\/p>\n","protected":false},"author":6,"featured_media":0,"parent":0,"menu_order":0,"comment_status":"closed","ping_status":"closed","template":"","meta":{"_et_pb_use_builder":"on","_et_pb_old_content":"","_et_gb_content_width":"","footnotes":""},"class_list":["post-2143","page","type-page","status-publish","hentry"],"yoast_head":"<!-- This site is optimized with the Yoast SEO plugin v27.5 - https:\/\/yoast.com\/product\/yoast-seo-wordpress\/ -->\n<title>Acteurs priv\u00e9s - HETWA<\/title>\n<meta name=\"robots\" content=\"index, follow, max-snippet:-1, max-image-preview:large, max-video-preview:-1\" \/>\n<link rel=\"canonical\" href=\"https:\/\/hetwa.org\/en\/acteurs-prives\/\" \/>\n<meta property=\"og:locale\" content=\"en_US\" \/>\n<meta property=\"og:type\" content=\"article\" \/>\n<meta property=\"og:title\" content=\"Acteurs priv\u00e9s - HETWA\" \/>\n<meta property=\"og:description\" content=\"Acteurs priv\u00e9sEn tant qu&#039;acteurs priv\u00e9s, que vous soyez un bureau d&#039;\u00e9tudes, une entreprise, un courtier ou une soci\u00e9t\u00e9 d&#039;assurance, vos besoins en gestion des risques environnementaux et hydriques sont sp\u00e9cifiques et strat\u00e9giques. Nos solutions sont parfaitement adapt\u00e9es pour vous offrir une \u00e9valuation pr\u00e9cise des risques. Nos outils vous permettent de prendre des d\u00e9cisions \u00e9clair\u00e9es et [&hellip;]\" \/>\n<meta property=\"og:url\" content=\"https:\/\/hetwa.org\/en\/acteurs-prives\/\" \/>\n<meta property=\"og:site_name\" content=\"HETWA\" \/>\n<meta property=\"article:modified_time\" content=\"2024-10-14T21:51:34+00:00\" \/>\n<meta name=\"twitter:card\" content=\"summary_large_image\" \/>\n<meta name=\"twitter:label1\" content=\"Est. reading time\" \/>\n\t<meta name=\"twitter:data1\" content=\"1 minute\" \/>\n<script type=\"application\/ld+json\" class=\"yoast-schema-graph\">{\"@context\":\"https:\\\/\\\/schema.org\",\"@graph\":[{\"@type\":\"WebPage\",\"@id\":\"https:\\\/\\\/hetwa.org\\\/acteurs-prives\\\/\",\"url\":\"https:\\\/\\\/hetwa.org\\\/acteurs-prives\\\/\",\"name\":\"Acteurs priv\u00e9s - HETWA\",\"isPartOf\":{\"@id\":\"https:\\\/\\\/hetwa.org\\\/#website\"},\"datePublished\":\"2024-08-29T09:01:49+00:00\",\"dateModified\":\"2024-10-14T21:51:34+00:00\",\"breadcrumb\":{\"@id\":\"https:\\\/\\\/hetwa.org\\\/acteurs-prives\\\/#breadcrumb\"},\"inLanguage\":\"en-US\",\"potentialAction\":[{\"@type\":\"ReadAction\",\"target\":[\"https:\\\/\\\/hetwa.org\\\/acteurs-prives\\\/\"]}]},{\"@type\":\"BreadcrumbList\",\"@id\":\"https:\\\/\\\/hetwa.org\\\/acteurs-prives\\\/#breadcrumb\",\"itemListElement\":[{\"@type\":\"ListItem\",\"position\":1,\"name\":\"Accueil\",\"item\":\"https:\\\/\\\/hetwa.org\\\/\"},{\"@type\":\"ListItem\",\"position\":2,\"name\":\"Acteurs priv\u00e9s\"}]},{\"@type\":\"WebSite\",\"@id\":\"https:\\\/\\\/hetwa.org\\\/#website\",\"url\":\"https:\\\/\\\/hetwa.org\\\/\",\"name\":\"HETWA\",\"description\":\"\",\"publisher\":{\"@id\":\"https:\\\/\\\/hetwa.org\\\/#organization\"},\"potentialAction\":[{\"@type\":\"SearchAction\",\"target\":{\"@type\":\"EntryPoint\",\"urlTemplate\":\"https:\\\/\\\/hetwa.org\\\/?s={search_term_string}\"},\"query-input\":{\"@type\":\"PropertyValueSpecification\",\"valueRequired\":true,\"valueName\":\"search_term_string\"}}],\"inLanguage\":\"en-US\"},{\"@type\":\"Organization\",\"@id\":\"https:\\\/\\\/hetwa.org\\\/#organization\",\"name\":\"HETWA\",\"url\":\"https:\\\/\\\/hetwa.org\\\/\",\"logo\":{\"@type\":\"ImageObject\",\"inLanguage\":\"en-US\",\"@id\":\"https:\\\/\\\/hetwa.org\\\/#\\\/schema\\\/logo\\\/image\\\/\",\"url\":\"https:\\\/\\\/hetwa.org\\\/wp-content\\\/uploads\\\/2022\\\/08\\\/cropped-logo-hetwa-1.png\",\"contentUrl\":\"https:\\\/\\\/hetwa.org\\\/wp-content\\\/uploads\\\/2022\\\/08\\\/cropped-logo-hetwa-1.png\",\"width\":349,\"height\":311,\"caption\":\"HETWA\"},\"image\":{\"@id\":\"https:\\\/\\\/hetwa.org\\\/#\\\/schema\\\/logo\\\/image\\\/\"},\"sameAs\":[\"https:\\\/\\\/www.linkedin.com\\\/company\\\/hetwa\\\/about\\\/\"]}]}<\/script>\n<!-- \/ Yoast SEO plugin. -->","yoast_head_json":{"title":"Acteurs priv\u00e9s - HETWA","robots":{"index":"index","follow":"follow","max-snippet":"max-snippet:-1","max-image-preview":"max-image-preview:large","max-video-preview":"max-video-preview:-1"},"canonical":"https:\/\/hetwa.org\/en\/acteurs-prives\/","og_locale":"en_US","og_type":"article","og_title":"Acteurs priv\u00e9s - HETWA","og_description":"Acteurs priv\u00e9sEn tant qu'acteurs priv\u00e9s, que vous soyez un bureau d'\u00e9tudes, une entreprise, un courtier ou une soci\u00e9t\u00e9 d'assurance, vos besoins en gestion des risques environnementaux et hydriques sont sp\u00e9cifiques et strat\u00e9giques. Nos solutions sont parfaitement adapt\u00e9es pour vous offrir une \u00e9valuation pr\u00e9cise des risques. Nos outils vous permettent de prendre des d\u00e9cisions \u00e9clair\u00e9es et [&hellip;]","og_url":"https:\/\/hetwa.org\/en\/acteurs-prives\/","og_site_name":"HETWA","article_modified_time":"2024-10-14T21:51:34+00:00","twitter_card":"summary_large_image","twitter_misc":{"Est. reading time":"1 minute"},"schema":{"@context":"https:\/\/schema.org","@graph":[{"@type":"WebPage","@id":"https:\/\/hetwa.org\/acteurs-prives\/","url":"https:\/\/hetwa.org\/acteurs-prives\/","name":"Acteurs priv\u00e9s - HETWA","isPartOf":{"@id":"https:\/\/hetwa.org\/#website"},"datePublished":"2024-08-29T09:01:49+00:00","dateModified":"2024-10-14T21:51:34+00:00","breadcrumb":{"@id":"https:\/\/hetwa.org\/acteurs-prives\/#breadcrumb"},"inLanguage":"en-US","potentialAction":[{"@type":"ReadAction","target":["https:\/\/hetwa.org\/acteurs-prives\/"]}]},{"@type":"BreadcrumbList","@id":"https:\/\/hetwa.org\/acteurs-prives\/#breadcrumb","itemListElement":[{"@type":"ListItem","position":1,"name":"Accueil","item":"https:\/\/hetwa.org\/"},{"@type":"ListItem","position":2,"name":"Acteurs priv\u00e9s"}]},{"@type":"WebSite","@id":"https:\/\/hetwa.org\/#website","url":"https:\/\/hetwa.org\/","name":"HETWA","description":"","publisher":{"@id":"https:\/\/hetwa.org\/#organization"},"potentialAction":[{"@type":"SearchAction","target":{"@type":"EntryPoint","urlTemplate":"https:\/\/hetwa.org\/?s={search_term_string}"},"query-input":{"@type":"PropertyValueSpecification","valueRequired":true,"valueName":"search_term_string"}}],"inLanguage":"en-US"},{"@type":"Organization","@id":"https:\/\/hetwa.org\/#organization","name":"HETWA","url":"https:\/\/hetwa.org\/","logo":{"@type":"ImageObject","inLanguage":"en-US","@id":"https:\/\/hetwa.org\/#\/schema\/logo\/image\/","url":"https:\/\/hetwa.org\/wp-content\/uploads\/2022\/08\/cropped-logo-hetwa-1.png","contentUrl":"https:\/\/hetwa.org\/wp-content\/uploads\/2022\/08\/cropped-logo-hetwa-1.png","width":349,"height":311,"caption":"HETWA"},"image":{"@id":"https:\/\/hetwa.org\/#\/schema\/logo\/image\/"},"sameAs":["https:\/\/www.linkedin.com\/company\/hetwa\/about\/"]}]}},"_links":{"self":[{"href":"https:\/\/hetwa.org\/en\/wp-json\/wp\/v2\/pages\/2143","targetHints":{"allow":["GET"]}}],"collection":[{"href":"https:\/\/hetwa.org\/en\/wp-json\/wp\/v2\/pages"}],"about":[{"href":"https:\/\/hetwa.org\/en\/wp-json\/wp\/v2\/types\/page"}],"author":[{"embeddable":true,"href":"https:\/\/hetwa.org\/en\/wp-json\/wp\/v2\/users\/6"}],"replies":[{"embeddable":true,"href":"https:\/\/hetwa.org\/en\/wp-json\/wp\/v2\/comments?post=2143"}],"version-history":[{"count":21,"href":"https:\/\/hetwa.org\/en\/wp-json\/wp\/v2\/pages\/2143\/revisions"}],"predecessor-version":[{"id":3812,"href":"https:\/\/hetwa.org\/en\/wp-json\/wp\/v2\/pages\/2143\/revisions\/3812"}],"wp:attachment":[{"href":"https:\/\/hetwa.org\/en\/wp-json\/wp\/v2\/media?parent=2143"}],"curies":[{"name":"wp","href":"https:\/\/api.w.org\/{rel}","templated":true}]}}